{"id":281,"date":"2018-10-29T22:05:18","date_gmt":"2018-10-29T22:05:18","guid":{"rendered":"https:\/\/www.modo-on.com\/?page_id=281"},"modified":"2018-11-01T00:51:12","modified_gmt":"2018-11-01T00:51:12","slug":"281-2","status":"publish","type":"page","link":"https:\/\/www.modo-on.com\/?page_id=281","title":{"rendered":"Organizamos tu fiesta o evento"},"content":{"rendered":"<ul>\n<li>Organizaci\u00f3n general de eventos y\/o fiestas.<\/li>\n<li>Timing, coordinaci\u00f3n y contratos<\/li>\n<li>Entretenimientos acorde a las edades de los invitados<\/li>\n<li>Comunicaci\u00f3n oral y escrita \/ Prensa<\/li>\n<li>C\u00e1lculo estimativo<\/li>\n<li>Ceremonial, protocolo e imagen personal<\/li>\n<li>Soluciones b\u00e1sicas en arreglos florales<\/li>\n<li>Colorimetr\u00eda, c\u00edrculo crom\u00e1tico y combinaciones<\/li>\n<li>Coordinaci\u00f3n de Catering<\/li>\n<\/ul>\n","protected":false},"excerpt":{"rendered":"<p>Organizaci\u00f3n general de eventos y\/o fiestas. Timing, coordinaci\u00f3n y contratos Entretenimientos acorde a las edades de los invitados Comunicaci\u00f3n oral y escrita \/ Prensa C\u00e1lculo estimativo Ceremonial, protocolo e imagen personal Soluciones b\u00e1sicas en arreglos [&hellip;]<\/p>\n","protected":false},"author":1,"featured_media":0,"parent":0,"menu_order":0,"comment_status":"open","ping_status":"closed","template":"template-fullwidth.php","meta":{"_monsterinsights_skip_tracking":false,"_monsterinsights_sitenote_active":false,"_monsterinsights_sitenote_note":"","_monsterinsights_sitenote_category":0,"footnotes":""},"class_list":["post-281","page","type-page","status-publish","hentry"],"_links":{"self":[{"href":"https:\/\/www.modo-on.com\/index.php?rest_route=\/wp\/v2\/pages\/281","targetHints":{"allow":["GET"]}}],"collection":[{"href":"https:\/\/www.modo-on.com\/index.php?rest_route=\/wp\/v2\/pages"}],"about":[{"href":"https:\/\/www.modo-on.com\/index.php?rest_route=\/wp\/v2\/types\/page"}],"author":[{"embeddable":true,"href":"https:\/\/www.modo-on.com\/index.php?rest_route=\/wp\/v2\/users\/1"}],"replies":[{"embeddable":true,"href":"https:\/\/www.modo-on.com\/index.php?rest_route=%2Fwp%2Fv2%2Fcomments&post=281"}],"version-history":[{"count":7,"href":"https:\/\/www.modo-on.com\/index.php?rest_route=\/wp\/v2\/pages\/281\/revisions"}],"predecessor-version":[{"id":291,"href":"https:\/\/www.modo-on.com\/index.php?rest_route=\/wp\/v2\/pages\/281\/revisions\/291"}],"wp:attachment":[{"href":"https:\/\/www.modo-on.com\/index.php?rest_route=%2Fwp%2Fv2%2Fmedia&parent=281"}],"curies":[{"name":"wp","href":"https:\/\/api.w.org\/{rel}","templated":true}]}}